{"id":1159,"date":"2025-02-01T14:00:26","date_gmt":"2025-02-01T13:00:26","guid":{"rendered":"https:\/\/lanaturedefelia.fr\/?page_id=1159"},"modified":"2025-07-23T11:05:10","modified_gmt":"2025-07-23T10:05:10","slug":"decos-noel","status":"publish","type":"page","link":"https:\/\/lanaturedefelia.fr\/?page_id=1159","title":{"rendered":"\u2744\ufe0f D\u00e9cos de No\u00ebl"},"content":{"rendered":"\n<p>Sur cette page, je vous invite \u00e0 d\u00e9couvrir mes cr\u00e9ations artisanales et \u00e9co-responsables pour sublimer vos f\u00eates de fin d\u2019ann\u00e9e.<\/p>\n\n\n\n<p>Parmi mes d\u00e9cors de No\u00ebl, vous trouverez<\/p>\n\n\n\n<ul class=\"wp-block-list\">\n<li><strong>Les f\u00e9es<\/strong>, parfois anges, r\u00e9alis\u00e9es \u00e0 partir de papier cadeau recycl\u00e9, de cartons ou de magazines, pour une magie l\u00e9g\u00e8re et po\u00e9tique.<\/li>\n\n\n\n<li><strong>Des \u00e9toiles 3D<\/strong> en carton color\u00e9, fabriqu\u00e9es avec de vieux intercalaires recycl\u00e9s, cousues \u00e0 la laine et par\u00e9es de paillettes scintillantes, pour illuminer vos espaces.<\/li>\n\n\n\n<li><strong>Des boules de No\u00ebl paysages<\/strong>, cr\u00e9\u00e9es \u00e0 partir de pots de yaourt ou de couvercles de confiture, renfermant de petits paysages enchanteurs \u00e0 suspendre.<\/li>\n<\/ul>\n\n\n\n<p>Chaque cr\u00e9ation porte en elle l\u2019esprit de la f\u00eate, la joie du recyclage et la douceur d\u2019un No\u00ebl respectueux de la nature.<\/p>\n\n\n\n<p><\/p>\n\n\n\n<p><\/p>\n\n\n\n<p><\/p>\n\n\n\n<p><\/p>\n\n\n\n<figure class=\"wp-block-gallery has-nested-images columns-default is-cropped wp-block-gallery-1 is-layout-flex wp-block-gallery-is-layout-flex\">\n<figure class=\"wp-block-image size-large\"><img loading=\"lazy\" decoding=\"async\" width=\"1024\" height=\"413\" data-id=\"1195\" src=\"https:\/\/lanaturedefelia.fr\/wp-content\/uploads\/2025\/02\/20241026_173253455_iOS-1024x413.jpg\" alt=\"\" class=\"wp-image-1195\" srcset=\"https:\/\/lanaturedefelia.fr\/wp-content\/uploads\/2025\/02\/20241026_173253455_iOS-1024x413.jpg 1024w, https:\/\/lanaturedefelia.fr\/wp-content\/uploads\/2025\/02\/20241026_173253455_iOS-300x121.jpg 300w, https:\/\/lanaturedefelia.fr\/wp-content\/uploads\/2025\/02\/20241026_173253455_iOS-768x310.jpg 768w, https:\/\/lanaturedefelia.fr\/wp-content\/uploads\/2025\/02\/20241026_173253455_iOS-1536x620.jpg 1536w, https:\/\/lanaturedefelia.fr\/wp-content\/uploads\/2025\/02\/20241026_173253455_iOS-2048x827.jpg 2048w\" sizes=\"auto, (max-width: 1024px) 100vw, 1024px\" \/><\/figure>\n\n\n\n<figure class=\"wp-block-image size-large\"><img loading=\"lazy\" decoding=\"async\" width=\"1024\" height=\"637\" data-id=\"1196\" src=\"https:\/\/lanaturedefelia.fr\/wp-content\/uploads\/2025\/02\/20241026_173305873_iOS-1024x637.jpg\" alt=\"\" class=\"wp-image-1196\" srcset=\"https:\/\/lanaturedefelia.fr\/wp-content\/uploads\/2025\/02\/20241026_173305873_iOS-1024x637.jpg 1024w, https:\/\/lanaturedefelia.fr\/wp-content\/uploads\/2025\/02\/20241026_173305873_iOS-300x187.jpg 300w, https:\/\/lanaturedefelia.fr\/wp-content\/uploads\/2025\/02\/20241026_173305873_iOS-768x478.jpg 768w, https:\/\/lanaturedefelia.fr\/wp-content\/uploads\/2025\/02\/20241026_173305873_iOS-1536x955.jpg 1536w, https:\/\/lanaturedefelia.fr\/wp-content\/uploads\/2025\/02\/20241026_173305873_iOS-2048x1273.jpg 2048w\" sizes=\"auto, (max-width: 1024px) 100vw, 1024px\" \/><\/figure>\n\n\n\n<figure class=\"wp-block-image size-large\"><img loading=\"lazy\" decoding=\"async\" width=\"915\" height=\"1024\" data-id=\"1194\" src=\"https:\/\/lanaturedefelia.fr\/wp-content\/uploads\/2025\/02\/20241026_173502503_iOS-1-915x1024.jpg\" alt=\"\" class=\"wp-image-1194\" srcset=\"https:\/\/lanaturedefelia.fr\/wp-content\/uploads\/2025\/02\/20241026_173502503_iOS-1-915x1024.jpg 915w, https:\/\/lanaturedefelia.fr\/wp-content\/uploads\/2025\/02\/20241026_173502503_iOS-1-268x300.jpg 268w, https:\/\/lanaturedefelia.fr\/wp-content\/uploads\/2025\/02\/20241026_173502503_iOS-1-768x859.jpg 768w, https:\/\/lanaturedefelia.fr\/wp-content\/uploads\/2025\/02\/20241026_173502503_iOS-1-1373x1536.jpg 1373w, https:\/\/lanaturedefelia.fr\/wp-content\/uploads\/2025\/02\/20241026_173502503_iOS-1.jpg 1719w\" sizes=\"auto, (max-width: 915px) 100vw, 915px\" \/><\/figure>\n\n\n\n<figure class=\"wp-block-image size-large\"><img loading=\"lazy\" decoding=\"async\" width=\"768\" height=\"1024\" data-id=\"1197\" src=\"https:\/\/lanaturedefelia.fr\/wp-content\/uploads\/2025\/02\/20221226_150744583_iOS-6-768x1024.jpg\" alt=\"\" class=\"wp-image-1197\" srcset=\"https:\/\/lanaturedefelia.fr\/wp-content\/uploads\/2025\/02\/20221226_150744583_iOS-6-768x1024.jpg 768w, https:\/\/lanaturedefelia.fr\/wp-content\/uploads\/2025\/02\/20221226_150744583_iOS-6-225x300.jpg 225w, https:\/\/lanaturedefelia.fr\/wp-content\/uploads\/2025\/02\/20221226_150744583_iOS-6-1152x1536.jpg 1152w, https:\/\/lanaturedefelia.fr\/wp-content\/uploads\/2025\/02\/20221226_150744583_iOS-6-1536x2048.jpg 1536w, https:\/\/lanaturedefelia.fr\/wp-content\/uploads\/2025\/02\/20221226_150744583_iOS-6-scaled.jpg 1920w\" sizes=\"auto, (max-width: 768px) 100vw, 768px\" \/><\/figure>\n\n\n\n<figure class=\"wp-block-image size-large\"><img loading=\"lazy\" decoding=\"async\" width=\"718\" height=\"1024\" data-id=\"1199\" src=\"https:\/\/lanaturedefelia.fr\/wp-content\/uploads\/2025\/02\/20231124_170109357_iOS-718x1024.jpg\" alt=\"\" class=\"wp-image-1199\" srcset=\"https:\/\/lanaturedefelia.fr\/wp-content\/uploads\/2025\/02\/20231124_170109357_iOS-718x1024.jpg 718w, https:\/\/lanaturedefelia.fr\/wp-content\/uploads\/2025\/02\/20231124_170109357_iOS-210x300.jpg 210w, https:\/\/lanaturedefelia.fr\/wp-content\/uploads\/2025\/02\/20231124_170109357_iOS-768x1095.jpg 768w, https:\/\/lanaturedefelia.fr\/wp-content\/uploads\/2025\/02\/20231124_170109357_iOS-1077x1536.jpg 1077w, https:\/\/lanaturedefelia.fr\/wp-content\/uploads\/2025\/02\/20231124_170109357_iOS-1436x2048.jpg 1436w, https:\/\/lanaturedefelia.fr\/wp-content\/uploads\/2025\/02\/20231124_170109357_iOS-scaled.jpg 1795w\" sizes=\"auto, (max-width: 718px) 100vw, 718px\" \/><\/figure>\n\n\n\n<figure class=\"wp-block-image size-large\"><img loading=\"lazy\" decoding=\"async\" width=\"768\" height=\"1024\" data-id=\"1202\" src=\"https:\/\/lanaturedefelia.fr\/wp-content\/uploads\/2025\/02\/20231129_140157955_iOS-768x1024.jpg\" alt=\"\" class=\"wp-image-1202\" srcset=\"https:\/\/lanaturedefelia.fr\/wp-content\/uploads\/2025\/02\/20231129_140157955_iOS-768x1024.jpg 768w, https:\/\/lanaturedefelia.fr\/wp-content\/uploads\/2025\/02\/20231129_140157955_iOS-225x300.jpg 225w, https:\/\/lanaturedefelia.fr\/wp-content\/uploads\/2025\/02\/20231129_140157955_iOS-1152x1536.jpg 1152w, https:\/\/lanaturedefelia.fr\/wp-content\/uploads\/2025\/02\/20231129_140157955_iOS-1536x2048.jpg 1536w, https:\/\/lanaturedefelia.fr\/wp-content\/uploads\/2025\/02\/20231129_140157955_iOS-scaled.jpg 1920w\" sizes=\"auto, (max-width: 768px) 100vw, 768px\" \/><\/figure>\n\n\n\n<figure class=\"wp-block-image size-large\"><img loading=\"lazy\" decoding=\"async\" width=\"768\" height=\"1024\" data-id=\"1200\" src=\"https:\/\/lanaturedefelia.fr\/wp-content\/uploads\/2025\/02\/20231129_140219011_iOS-768x1024.jpg\" alt=\"\" class=\"wp-image-1200\" srcset=\"https:\/\/lanaturedefelia.fr\/wp-content\/uploads\/2025\/02\/20231129_140219011_iOS-768x1024.jpg 768w, https:\/\/lanaturedefelia.fr\/wp-content\/uploads\/2025\/02\/20231129_140219011_iOS-225x300.jpg 225w, https:\/\/lanaturedefelia.fr\/wp-content\/uploads\/2025\/02\/20231129_140219011_iOS-1152x1536.jpg 1152w, https:\/\/lanaturedefelia.fr\/wp-content\/uploads\/2025\/02\/20231129_140219011_iOS-1536x2048.jpg 1536w, https:\/\/lanaturedefelia.fr\/wp-content\/uploads\/2025\/02\/20231129_140219011_iOS-scaled.jpg 1920w\" sizes=\"auto, (max-width: 768px) 100vw, 768px\" \/><\/figure>\n\n\n\n<figure class=\"wp-block-image size-large\"><img loading=\"lazy\" decoding=\"async\" width=\"768\" height=\"1024\" data-id=\"1201\" src=\"https:\/\/lanaturedefelia.fr\/wp-content\/uploads\/2025\/02\/20231129_140247746_iOS-768x1024.jpg\" alt=\"\" class=\"wp-image-1201\" srcset=\"https:\/\/lanaturedefelia.fr\/wp-content\/uploads\/2025\/02\/20231129_140247746_iOS-768x1024.jpg 768w, https:\/\/lanaturedefelia.fr\/wp-content\/uploads\/2025\/02\/20231129_140247746_iOS-225x300.jpg 225w, https:\/\/lanaturedefelia.fr\/wp-content\/uploads\/2025\/02\/20231129_140247746_iOS-1152x1536.jpg 1152w, https:\/\/lanaturedefelia.fr\/wp-content\/uploads\/2025\/02\/20231129_140247746_iOS-1536x2048.jpg 1536w, https:\/\/lanaturedefelia.fr\/wp-content\/uploads\/2025\/02\/20231129_140247746_iOS-scaled.jpg 1920w\" sizes=\"auto, (max-width: 768px) 100vw, 768px\" \/><\/figure>\n<\/figure>\n","protected":false},"excerpt":{"rendered":"<p>Sur cette page, je vous invite \u00e0 d\u00e9couvrir mes cr\u00e9ations artisanales et \u00e9co-responsables pour sublimer vos f\u00eates de fin d\u2019ann\u00e9e. Parmi mes d\u00e9cors de No\u00ebl, vous trouverez Chaque cr\u00e9ation porte [&hellip;]<\/p>\n","protected":false},"author":2,"featured_media":0,"parent":0,"menu_order":0,"comment_status":"closed","ping_status":"closed","template":"","meta":{"om_disable_all_campaigns":false,"_monsterinsights_skip_tracking":false,"_monsterinsights_sitenote_active":false,"_monsterinsights_sitenote_note":"","_monsterinsights_sitenote_category":0,"footnotes":""},"class_list":["post-1159","page","type-page","status-publish","hentry"],"aioseo_notices":[],"_links":{"self":[{"href":"https:\/\/lanaturedefelia.fr\/index.php?rest_route=\/wp\/v2\/pages\/1159","targetHints":{"allow":["GET"]}}],"collection":[{"href":"https:\/\/lanaturedefelia.fr\/index.php?rest_route=\/wp\/v2\/pages"}],"about":[{"href":"https:\/\/lanaturedefelia.fr\/index.php?rest_route=\/wp\/v2\/types\/page"}],"author":[{"embeddable":true,"href":"https:\/\/lanaturedefelia.fr\/index.php?rest_route=\/wp\/v2\/users\/2"}],"replies":[{"embeddable":true,"href":"https:\/\/lanaturedefelia.fr\/index.php?rest_route=%2Fwp%2Fv2%2Fcomments&post=1159"}],"version-history":[{"count":9,"href":"https:\/\/lanaturedefelia.fr\/index.php?rest_route=\/wp\/v2\/pages\/1159\/revisions"}],"predecessor-version":[{"id":1355,"href":"https:\/\/lanaturedefelia.fr\/index.php?rest_route=\/wp\/v2\/pages\/1159\/revisions\/1355"}],"wp:attachment":[{"href":"https:\/\/lanaturedefelia.fr\/index.php?rest_route=%2Fwp%2Fv2%2Fmedia&parent=1159"}],"curies":[{"name":"wp","href":"https:\/\/api.w.org\/{rel}","templated":true}]}}