{"id":18,"date":"2022-10-01T21:15:22","date_gmt":"2022-10-01T19:15:22","guid":{"rendered":"http:\/\/lanaturedefelia-fr.preview-domain.com\/?page_id=18"},"modified":"2022-12-23T14:58:27","modified_gmt":"2022-12-23T13:58:27","slug":"mes-ateliers-creatifs","status":"publish","type":"page","link":"https:\/\/lanaturedefelia.fr\/?page_id=18","title":{"rendered":"Mes ateliers cr\u00e9atifs"},"content":{"rendered":"<ul class=\"list-pages-shortcode child-pages\"><li class=\"page_item page-item-403 page_item_has_children\"><a href=\"https:\/\/lanaturedefelia.fr\/?page_id=403\">Atelier Art plastique<\/a>\n<ul class='children'>\n\t<li class=\"page_item page-item-638\"><a href=\"https:\/\/lanaturedefelia.fr\/?page_id=638\">\u00a0Atelier Cr\u00e9ation &#8211; L&rsquo;\u00c9toile de l&rsquo;\u00c2me en Origami 3D<\/a><\/li>\n\t<li class=\"page_item page-item-415\"><a href=\"https:\/\/lanaturedefelia.fr\/?page_id=415\">\u00a0Atelier Couronne de Roses &#8211; Incarnez votre Souverainet\u00e9<\/a><\/li>\n<\/ul>\n<\/li>\n<li class=\"page_item page-item-425\"><a href=\"https:\/\/lanaturedefelia.fr\/?page_id=425\">Ateliers Art Th\u00e9rapie<\/a><\/li>\n<li class=\"page_item page-item-434\"><a href=\"https:\/\/lanaturedefelia.fr\/?page_id=434\">\u00a0Cercle de l&rsquo;\u00c2me &#8211; Une Exp\u00e9rience Sensorielle et Spirituelle<\/a><\/li>\n<\/ul>\n","protected":false},"excerpt":{"rendered":"","protected":false},"author":1,"featured_media":0,"parent":0,"menu_order":3,"comment_status":"closed","ping_status":"closed","template":"","meta":{"om_disable_all_campaigns":false,"_monsterinsights_skip_tracking":false,"_monsterinsights_sitenote_active":false,"_monsterinsights_sitenote_note":"","_monsterinsights_sitenote_category":0,"footnotes":""},"class_list":["post-18","page","type-page","status-publish","hentry"],"aioseo_notices":[],"_links":{"self":[{"href":"https:\/\/lanaturedefelia.fr\/index.php?rest_route=\/wp\/v2\/pages\/18","targetHints":{"allow":["GET"]}}],"collection":[{"href":"https:\/\/lanaturedefelia.fr\/index.php?rest_route=\/wp\/v2\/pages"}],"about":[{"href":"https:\/\/lanaturedefelia.fr\/index.php?rest_route=\/wp\/v2\/types\/page"}],"author":[{"embeddable":true,"href":"https:\/\/lanaturedefelia.fr\/index.php?rest_route=\/wp\/v2\/users\/1"}],"replies":[{"embeddable":true,"href":"https:\/\/lanaturedefelia.fr\/index.php?rest_route=%2Fwp%2Fv2%2Fcomments&post=18"}],"version-history":[{"count":1,"href":"https:\/\/lanaturedefelia.fr\/index.php?rest_route=\/wp\/v2\/pages\/18\/revisions"}],"predecessor-version":[{"id":406,"href":"https:\/\/lanaturedefelia.fr\/index.php?rest_route=\/wp\/v2\/pages\/18\/revisions\/406"}],"wp:attachment":[{"href":"https:\/\/lanaturedefelia.fr\/index.php?rest_route=%2Fwp%2Fv2%2Fmedia&parent=18"}],"curies":[{"name":"wp","href":"https:\/\/api.w.org\/{rel}","templated":true}]}}