{"id":347,"date":"2022-12-23T11:25:07","date_gmt":"2022-12-23T10:25:07","guid":{"rendered":"https:\/\/lanaturedefelia.fr\/?page_id=347"},"modified":"2025-07-23T10:55:36","modified_gmt":"2025-07-23T09:55:36","slug":"les-petits-mondes","status":"publish","type":"page","link":"https:\/\/lanaturedefelia.fr\/?page_id=347","title":{"rendered":"\ud83c\udf33 Les Petits Mondes"},"content":{"rendered":"\n<hr class=\"wp-block-separator has-alpha-channel-opacity\"\/>\n\n\n\n<p>Avec ma s\u0153ur Lucille, nous donnons vie \u00e0 un projet enchanteur : la cr\u00e9ation de sculptures d\u2019arbres et de petits univers f\u00e9\u00e9riques.<\/p>\n\n\n\n<p>Ces \u0153uvres naissent d\u2019un assemblage harmonieux de mat\u00e9riaux recycl\u00e9s \u2014 grillage \u00e0 poule, carton, bouteilles en plastique, morceaux de bois, papier m\u00e2ch\u00e9 \u2014 pour construire tout un monde magique o\u00f9 dansent des f\u00e9es d\u00e9licates.<\/p>\n\n\n\n<p>Nos f\u00e9es prennent forme en papier, en argile autodurcissante, ou encore gr\u00e2ce au plastique fou (plastique cr\u00e9atif), ce mat\u00e9riau surprenant que l\u2019on trouve chez Cultura. Sur une feuille avec un c\u00f4t\u00e9 lisse et un c\u00f4t\u00e9 rugueux, nous dessinons de larges motifs au crayon de couleur avant de passer la cr\u00e9ation quelques minutes au four : le plastique se r\u00e9tracte, durcit, puis refroidi, donnant vie \u00e0 une pi\u00e8ce unique et vibrante.<\/p>\n\n\n\n<p>Nous int\u00e9grons aussi des pliages d\u2019origami, apportant l\u00e9g\u00e8ret\u00e9 et finesse \u00e0 cet univers foisonnant.<\/p>\n\n\n\n<p>Ce projet est un v\u00e9ritable hommage \u00e0 la magie de la nature, \u00e0 la cr\u00e9ativit\u00e9 partag\u00e9e, et au lien pr\u00e9cieux que nous cultivons \u00e0 travers l\u2019art. En court gros projet , suite avenir.<\/p>\n\n\n\n<div class=\"wp-block-columns is-layout-flex wp-container-core-columns-is-layout-9d6595d7 wp-block-columns-is-layout-flex\">\n<div class=\"wp-block-column is-layout-flow wp-block-column-is-layout-flow\">\n<figure class=\"wp-block-image size-full\"><img loading=\"lazy\" decoding=\"async\" width=\"501\" height=\"377\" src=\"https:\/\/lanaturedefelia.fr\/wp-content\/uploads\/2022\/12\/image-67.png\" alt=\"\" class=\"wp-image-351\" srcset=\"https:\/\/lanaturedefelia.fr\/wp-content\/uploads\/2022\/12\/image-67.png 501w, https:\/\/lanaturedefelia.fr\/wp-content\/uploads\/2022\/12\/image-67-300x226.png 300w\" sizes=\"auto, (max-width: 501px) 100vw, 501px\" \/><\/figure>\n<\/div>\n\n\n\n<div class=\"wp-block-column is-layout-flow wp-block-column-is-layout-flow\">\n<p>Des F\u00e9es en plastiques cr\u00e9atif (appel\u00e9 aussi plastique fou)<\/p>\n<\/div>\n<\/div>\n\n\n\n<h3 class=\"wp-block-heading\">\u2728 <strong>Sculpture de l\u2019Arbre F\u00e9\u00e9rique<\/strong><\/h3>\n\n\n\n<p>Je vous invite \u00e0 plonger au c\u0153ur d\u2019un univers aux mille couleurs, \u00e0 franchir le seuil d\u2019un monde invisible o\u00f9 tout devient possible \u2014 un monde f\u00e9\u00e9rique.<\/p>\n\n\n\n<p>Un lieu habit\u00e9 par des lutins espi\u00e8gles, des f\u00e9es dansantes, qui c\u00e9l\u00e8brent la joie pure de la vie, libres de toute inqui\u00e9tude pour un lendemain qui n\u2019existe pas ici.<\/p>\n\n\n\n<p>Ouvrez votre c\u0153ur au moment pr\u00e9sent, \u00e0 cette magie qui danse dans chaque instant, \u00e0 la splendeur de la vie qui se r\u00e9v\u00e8le lorsque l\u2019on sait regarder au-del\u00e0 des apparences.<\/p>\n\n\n\n<p>Dans cet arbre f\u00e9\u00e9rique, les peuples de la nature \u2014 f\u00e9es, lutins, esprits enchant\u00e9s \u2014 prennent forme et vie pour ceux qui savent \u00e9couter avec l\u2019\u00e2me, pour ceux qui portent en eux cette \u00e9tincelle d\u2019enfant, cette foi profonde que le monde invisible est r\u00e9el et vibrant.<\/p>\n\n\n\n<p>Les peuples des f\u00e9es ne sont pas que des l\u00e9gendes\u2026 ils existent l\u00e0, au creux de notre imaginaire, pr\u00eats \u00e0 \u00e9merveiller ceux qui s\u2019ouvrent \u00e0 leur lumi\u00e8re.<\/p>\n\n\n\n<div class=\"wp-block-columns is-layout-flex wp-container-core-columns-is-layout-9d6595d7 wp-block-columns-is-layout-flex\">\n<div class=\"wp-block-column is-layout-flow wp-block-column-is-layout-flow\">\n<figure class=\"wp-block-image size-full\"><img loading=\"lazy\" decoding=\"async\" width=\"484\" height=\"559\" src=\"https:\/\/lanaturedefelia.fr\/wp-content\/uploads\/2022\/12\/image-69.png\" alt=\"\" class=\"wp-image-353\" srcset=\"https:\/\/lanaturedefelia.fr\/wp-content\/uploads\/2022\/12\/image-69.png 484w, https:\/\/lanaturedefelia.fr\/wp-content\/uploads\/2022\/12\/image-69-260x300.png 260w\" sizes=\"auto, (max-width: 484px) 100vw, 484px\" \/><\/figure>\n\n\n\n<figure class=\"wp-block-image size-full\"><img loading=\"lazy\" decoding=\"async\" width=\"562\" height=\"422\" src=\"https:\/\/lanaturedefelia.fr\/wp-content\/uploads\/2022\/12\/image-71.png\" alt=\"\" class=\"wp-image-355\" srcset=\"https:\/\/lanaturedefelia.fr\/wp-content\/uploads\/2022\/12\/image-71.png 562w, https:\/\/lanaturedefelia.fr\/wp-content\/uploads\/2022\/12\/image-71-300x225.png 300w\" sizes=\"auto, (max-width: 562px) 100vw, 562px\" \/><\/figure>\n\n\n\n<figure class=\"wp-block-image size-full\"><img loading=\"lazy\" decoding=\"async\" width=\"600\" height=\"450\" src=\"https:\/\/lanaturedefelia.fr\/wp-content\/uploads\/2022\/12\/image-73.png\" alt=\"\" class=\"wp-image-357\" srcset=\"https:\/\/lanaturedefelia.fr\/wp-content\/uploads\/2022\/12\/image-73.png 600w, https:\/\/lanaturedefelia.fr\/wp-content\/uploads\/2022\/12\/image-73-300x225.png 300w\" sizes=\"auto, (max-width: 600px) 100vw, 600px\" \/><\/figure>\n\n\n\n<figure class=\"wp-block-image size-full\"><img loading=\"lazy\" decoding=\"async\" width=\"415\" height=\"554\" src=\"https:\/\/lanaturedefelia.fr\/wp-content\/uploads\/2022\/12\/image-77.png\" alt=\"\" class=\"wp-image-361\" srcset=\"https:\/\/lanaturedefelia.fr\/wp-content\/uploads\/2022\/12\/image-77.png 415w, https:\/\/lanaturedefelia.fr\/wp-content\/uploads\/2022\/12\/image-77-225x300.png 225w\" sizes=\"auto, (max-width: 415px) 100vw, 415px\" \/><\/figure>\n<\/div>\n\n\n\n<div class=\"wp-block-column is-layout-flow wp-block-column-is-layout-flow\">\n<figure class=\"wp-block-image size-full\"><img loading=\"lazy\" decoding=\"async\" width=\"359\" height=\"482\" src=\"https:\/\/lanaturedefelia.fr\/wp-content\/uploads\/2022\/12\/image-72.png\" alt=\"\" class=\"wp-image-356\" srcset=\"https:\/\/lanaturedefelia.fr\/wp-content\/uploads\/2022\/12\/image-72.png 359w, https:\/\/lanaturedefelia.fr\/wp-content\/uploads\/2022\/12\/image-72-223x300.png 223w\" sizes=\"auto, (max-width: 359px) 100vw, 359px\" \/><\/figure>\n\n\n\n<figure class=\"wp-block-image size-full\"><img loading=\"lazy\" decoding=\"async\" width=\"537\" height=\"402\" src=\"https:\/\/lanaturedefelia.fr\/wp-content\/uploads\/2022\/12\/image-74.png\" alt=\"\" class=\"wp-image-358\" srcset=\"https:\/\/lanaturedefelia.fr\/wp-content\/uploads\/2022\/12\/image-74.png 537w, https:\/\/lanaturedefelia.fr\/wp-content\/uploads\/2022\/12\/image-74-300x225.png 300w\" sizes=\"auto, (max-width: 537px) 100vw, 537px\" \/><\/figure>\n\n\n\n<figure class=\"wp-block-image size-full\"><img loading=\"lazy\" decoding=\"async\" width=\"466\" height=\"622\" src=\"https:\/\/lanaturedefelia.fr\/wp-content\/uploads\/2022\/12\/image-76.png\" alt=\"\" class=\"wp-image-360\" srcset=\"https:\/\/lanaturedefelia.fr\/wp-content\/uploads\/2022\/12\/image-76.png 466w, https:\/\/lanaturedefelia.fr\/wp-content\/uploads\/2022\/12\/image-76-225x300.png 225w\" sizes=\"auto, (max-width: 466px) 100vw, 466px\" \/><\/figure>\n\n\n\n<figure class=\"wp-block-image size-full\"><img loading=\"lazy\" decoding=\"async\" width=\"531\" height=\"581\" src=\"https:\/\/lanaturedefelia.fr\/wp-content\/uploads\/2022\/12\/image-78.png\" alt=\"\" class=\"wp-image-362\" srcset=\"https:\/\/lanaturedefelia.fr\/wp-content\/uploads\/2022\/12\/image-78.png 531w, https:\/\/lanaturedefelia.fr\/wp-content\/uploads\/2022\/12\/image-78-274x300.png 274w\" sizes=\"auto, (max-width: 531px) 100vw, 531px\" \/><\/figure>\n<\/div>\n<\/div>\n","protected":false},"excerpt":{"rendered":"<p>Avec ma s\u0153ur Lucille, nous donnons vie \u00e0 un projet enchanteur : la cr\u00e9ation de sculptures d\u2019arbres et de petits univers f\u00e9\u00e9riques. Ces \u0153uvres naissent d\u2019un assemblage harmonieux de mat\u00e9riaux [&hellip;]<\/p>\n","protected":false},"author":1,"featured_media":0,"parent":16,"menu_order":4,"comment_status":"closed","ping_status":"closed","template":"","meta":{"om_disable_all_campaigns":false,"_monsterinsights_skip_tracking":false,"_monsterinsights_sitenote_active":false,"_monsterinsights_sitenote_note":"","_monsterinsights_sitenote_category":0,"footnotes":""},"class_list":["post-347","page","type-page","status-publish","hentry"],"aioseo_notices":[],"_links":{"self":[{"href":"https:\/\/lanaturedefelia.fr\/index.php?rest_route=\/wp\/v2\/pages\/347","targetHints":{"allow":["GET"]}}],"collection":[{"href":"https:\/\/lanaturedefelia.fr\/index.php?rest_route=\/wp\/v2\/pages"}],"about":[{"href":"https:\/\/lanaturedefelia.fr\/index.php?rest_route=\/wp\/v2\/types\/page"}],"author":[{"embeddable":true,"href":"https:\/\/lanaturedefelia.fr\/index.php?rest_route=\/wp\/v2\/users\/1"}],"replies":[{"embeddable":true,"href":"https:\/\/lanaturedefelia.fr\/index.php?rest_route=%2Fwp%2Fv2%2Fcomments&post=347"}],"version-history":[{"count":10,"href":"https:\/\/lanaturedefelia.fr\/index.php?rest_route=\/wp\/v2\/pages\/347\/revisions"}],"predecessor-version":[{"id":1349,"href":"https:\/\/lanaturedefelia.fr\/index.php?rest_route=\/wp\/v2\/pages\/347\/revisions\/1349"}],"up":[{"embeddable":true,"href":"https:\/\/lanaturedefelia.fr\/index.php?rest_route=\/wp\/v2\/pages\/16"}],"wp:attachment":[{"href":"https:\/\/lanaturedefelia.fr\/index.php?rest_route=%2Fwp%2Fv2%2Fmedia&parent=347"}],"curies":[{"name":"wp","href":"https:\/\/api.w.org\/{rel}","templated":true}]}}