{"id":391,"date":"2022-12-23T14:54:42","date_gmt":"2022-12-23T13:54:42","guid":{"rendered":"https:\/\/lanaturedefelia.fr\/?page_id=391"},"modified":"2025-01-30T01:07:49","modified_gmt":"2025-01-30T00:07:49","slug":"evenements-expositions-ateliers","status":"publish","type":"page","link":"https:\/\/lanaturedefelia.fr\/?page_id=391","title":{"rendered":"Ev\u00e9nements : expositions \/ ateliers"},"content":{"rendered":"\n<h2 class=\"wp-block-heading\">Exposition-vernissage<\/h2>\n\n\n\n<div class=\"wp-block-columns is-layout-flex wp-container-core-columns-is-layout-9d6595d7 wp-block-columns-is-layout-flex\">\n<div class=\"wp-block-column is-layout-flow wp-block-column-is-layout-flow\">\n<figure class=\"wp-block-image size-full\"><img loading=\"lazy\" decoding=\"async\" width=\"429\" height=\"525\" src=\"https:\/\/lanaturedefelia.fr\/wp-content\/uploads\/2022\/12\/image-95.png\" alt=\"\" class=\"wp-image-392\" srcset=\"https:\/\/lanaturedefelia.fr\/wp-content\/uploads\/2022\/12\/image-95.png 429w, https:\/\/lanaturedefelia.fr\/wp-content\/uploads\/2022\/12\/image-95-245x300.png 245w\" sizes=\"auto, (max-width: 429px) 100vw, 429px\" \/><\/figure>\n<\/div>\n\n\n\n<div class=\"wp-block-column is-layout-flow wp-block-column-is-layout-flow\">\n<figure class=\"wp-block-image size-full\"><img loading=\"lazy\" decoding=\"async\" width=\"589\" height=\"442\" src=\"https:\/\/lanaturedefelia.fr\/wp-content\/uploads\/2022\/12\/image-96.png\" alt=\"\" class=\"wp-image-393\" srcset=\"https:\/\/lanaturedefelia.fr\/wp-content\/uploads\/2022\/12\/image-96.png 589w, https:\/\/lanaturedefelia.fr\/wp-content\/uploads\/2022\/12\/image-96-300x225.png 300w\" sizes=\"auto, (max-width: 589px) 100vw, 589px\" \/><\/figure>\n<\/div>\n\n\n\n<div class=\"wp-block-column is-layout-flow wp-block-column-is-layout-flow\">\n<figure class=\"wp-block-image size-full\"><img loading=\"lazy\" decoding=\"async\" width=\"339\" height=\"452\" src=\"https:\/\/lanaturedefelia.fr\/wp-content\/uploads\/2022\/12\/image-97.png\" alt=\"\" class=\"wp-image-394\" srcset=\"https:\/\/lanaturedefelia.fr\/wp-content\/uploads\/2022\/12\/image-97.png 339w, https:\/\/lanaturedefelia.fr\/wp-content\/uploads\/2022\/12\/image-97-225x300.png 225w\" sizes=\"auto, (max-width: 339px) 100vw, 339px\" \/><\/figure>\n<\/div>\n<\/div>\n\n\n\n<div class=\"wp-block-columns is-layout-flex wp-container-core-columns-is-layout-9d6595d7 wp-block-columns-is-layout-flex\">\n<div class=\"wp-block-column is-layout-flow wp-block-column-is-layout-flow\" style=\"flex-basis:33.33%\">\n<figure class=\"wp-block-image size-full\"><img loading=\"lazy\" decoding=\"async\" width=\"496\" height=\"316\" src=\"https:\/\/lanaturedefelia.fr\/wp-content\/uploads\/2022\/12\/image-98.png\" alt=\"\" class=\"wp-image-395\" srcset=\"https:\/\/lanaturedefelia.fr\/wp-content\/uploads\/2022\/12\/image-98.png 496w, https:\/\/lanaturedefelia.fr\/wp-content\/uploads\/2022\/12\/image-98-300x191.png 300w\" sizes=\"auto, (max-width: 496px) 100vw, 496px\" \/><\/figure>\n<\/div>\n\n\n\n<div class=\"wp-block-column is-layout-flow wp-block-column-is-layout-flow\" style=\"flex-basis:66.66%\">\n<figure class=\"wp-block-image size-full\"><img loading=\"lazy\" decoding=\"async\" width=\"633\" height=\"331\" src=\"https:\/\/lanaturedefelia.fr\/wp-content\/uploads\/2022\/12\/image-99.png\" alt=\"\" class=\"wp-image-396\" srcset=\"https:\/\/lanaturedefelia.fr\/wp-content\/uploads\/2022\/12\/image-99.png 633w, https:\/\/lanaturedefelia.fr\/wp-content\/uploads\/2022\/12\/image-99-300x157.png 300w\" sizes=\"auto, (max-width: 633px) 100vw, 633px\" \/><\/figure>\n<\/div>\n<\/div>\n\n\n\n<h2 class=\"wp-block-heading\"> March\u00e9 de no\u00ebl<\/h2>\n\n\n\n<div class=\"wp-block-columns is-layout-flex wp-container-core-columns-is-layout-9d6595d7 wp-block-columns-is-layout-flex\">\n<div class=\"wp-block-column is-layout-flow wp-block-column-is-layout-flow\">\n<figure class=\"wp-block-image size-full\"><img loading=\"lazy\" decoding=\"async\" width=\"433\" height=\"542\" src=\"https:\/\/lanaturedefelia.fr\/wp-content\/uploads\/2022\/12\/image-100.png\" alt=\"\" class=\"wp-image-397\" srcset=\"https:\/\/lanaturedefelia.fr\/wp-content\/uploads\/2022\/12\/image-100.png 433w, https:\/\/lanaturedefelia.fr\/wp-content\/uploads\/2022\/12\/image-100-240x300.png 240w\" sizes=\"auto, (max-width: 433px) 100vw, 433px\" \/><\/figure>\n\n\n\n<figure class=\"wp-block-image size-full\"><img loading=\"lazy\" decoding=\"async\" width=\"461\" height=\"345\" src=\"https:\/\/lanaturedefelia.fr\/wp-content\/uploads\/2022\/12\/image-102.png\" alt=\"\" class=\"wp-image-399\" srcset=\"https:\/\/lanaturedefelia.fr\/wp-content\/uploads\/2022\/12\/image-102.png 461w, https:\/\/lanaturedefelia.fr\/wp-content\/uploads\/2022\/12\/image-102-300x225.png 300w\" sizes=\"auto, (max-width: 461px) 100vw, 461px\" \/><\/figure>\n<\/div>\n\n\n\n<div class=\"wp-block-column is-layout-flow wp-block-column-is-layout-flow\">\n<figure class=\"wp-block-image size-full\"><img loading=\"lazy\" decoding=\"async\" width=\"466\" height=\"350\" src=\"https:\/\/lanaturedefelia.fr\/wp-content\/uploads\/2022\/12\/image-101.png\" alt=\"\" class=\"wp-image-398\" srcset=\"https:\/\/lanaturedefelia.fr\/wp-content\/uploads\/2022\/12\/image-101.png 466w, https:\/\/lanaturedefelia.fr\/wp-content\/uploads\/2022\/12\/image-101-300x225.png 300w\" sizes=\"auto, (max-width: 466px) 100vw, 466px\" \/><\/figure>\n\n\n\n<figure class=\"wp-block-image size-full\"><img loading=\"lazy\" decoding=\"async\" width=\"571\" height=\"428\" src=\"https:\/\/lanaturedefelia.fr\/wp-content\/uploads\/2022\/12\/image-103.png\" alt=\"\" class=\"wp-image-400\" srcset=\"https:\/\/lanaturedefelia.fr\/wp-content\/uploads\/2022\/12\/image-103.png 571w, https:\/\/lanaturedefelia.fr\/wp-content\/uploads\/2022\/12\/image-103-300x225.png 300w\" sizes=\"auto, (max-width: 571px) 100vw, 571px\" \/><\/figure>\n<\/div>\n<\/div>\n\n\n\n<h2 class=\"wp-block-heading\">2 March\u00e9 Printemps<\/h2>\n\n\n\n<figure class=\"wp-block-gallery has-nested-images columns-default is-cropped wp-block-gallery-1 is-layout-flex wp-block-gallery-is-layout-flex\">\n<figure class=\"wp-block-image size-large\"><img loading=\"lazy\" decoding=\"async\" width=\"679\" height=\"960\" data-id=\"775\" src=\"https:\/\/lanaturedefelia.fr\/wp-content\/uploads\/2023\/04\/flyer-marcher-primtemps.jpg\" alt=\"\" class=\"wp-image-775\" srcset=\"https:\/\/lanaturedefelia.fr\/wp-content\/uploads\/2023\/04\/flyer-marcher-primtemps.jpg 679w, https:\/\/lanaturedefelia.fr\/wp-content\/uploads\/2023\/04\/flyer-marcher-primtemps-212x300.jpg 212w\" sizes=\"auto, (max-width: 679px) 100vw, 679px\" \/><\/figure>\n\n\n\n<figure class=\"wp-block-image size-large\"><img loading=\"lazy\" decoding=\"async\" width=\"1024\" height=\"821\" data-id=\"773\" src=\"https:\/\/lanaturedefelia.fr\/wp-content\/uploads\/2023\/04\/20230319_085914734_iOS-1024x821.jpg\" alt=\"\" class=\"wp-image-773\" srcset=\"https:\/\/lanaturedefelia.fr\/wp-content\/uploads\/2023\/04\/20230319_085914734_iOS-1024x821.jpg 1024w, https:\/\/lanaturedefelia.fr\/wp-content\/uploads\/2023\/04\/20230319_085914734_iOS-300x241.jpg 300w, https:\/\/lanaturedefelia.fr\/wp-content\/uploads\/2023\/04\/20230319_085914734_iOS-768x616.jpg 768w, https:\/\/lanaturedefelia.fr\/wp-content\/uploads\/2023\/04\/20230319_085914734_iOS-1536x1231.jpg 1536w, https:\/\/lanaturedefelia.fr\/wp-content\/uploads\/2023\/04\/20230319_085914734_iOS-2048x1642.jpg 2048w\" sizes=\"auto, (max-width: 1024px) 100vw, 1024px\" \/><\/figure>\n\n\n\n<figure class=\"wp-block-image size-large\"><img loading=\"lazy\" decoding=\"async\" width=\"724\" height=\"1024\" data-id=\"774\" src=\"https:\/\/lanaturedefelia.fr\/wp-content\/uploads\/2023\/04\/20230324_070048239_iOS-724x1024.jpg\" alt=\"\" class=\"wp-image-774\" srcset=\"https:\/\/lanaturedefelia.fr\/wp-content\/uploads\/2023\/04\/20230324_070048239_iOS-724x1024.jpg 724w, https:\/\/lanaturedefelia.fr\/wp-content\/uploads\/2023\/04\/20230324_070048239_iOS-212x300.jpg 212w, https:\/\/lanaturedefelia.fr\/wp-content\/uploads\/2023\/04\/20230324_070048239_iOS-768x1087.jpg 768w, https:\/\/lanaturedefelia.fr\/wp-content\/uploads\/2023\/04\/20230324_070048239_iOS-1085x1536.jpg 1085w, https:\/\/lanaturedefelia.fr\/wp-content\/uploads\/2023\/04\/20230324_070048239_iOS.jpg 1447w\" sizes=\"auto, (max-width: 724px) 100vw, 724px\" \/><\/figure>\n\n\n\n<figure class=\"wp-block-image size-large\"><img loading=\"lazy\" decoding=\"async\" width=\"768\" height=\"1024\" data-id=\"772\" src=\"https:\/\/lanaturedefelia.fr\/wp-content\/uploads\/2023\/04\/20230402_081621447_iOS-768x1024.jpg\" alt=\"\" class=\"wp-image-772\" srcset=\"https:\/\/lanaturedefelia.fr\/wp-content\/uploads\/2023\/04\/20230402_081621447_iOS-768x1024.jpg 768w, https:\/\/lanaturedefelia.fr\/wp-content\/uploads\/2023\/04\/20230402_081621447_iOS-225x300.jpg 225w, https:\/\/lanaturedefelia.fr\/wp-content\/uploads\/2023\/04\/20230402_081621447_iOS-1152x1536.jpg 1152w, https:\/\/lanaturedefelia.fr\/wp-content\/uploads\/2023\/04\/20230402_081621447_iOS-1536x2048.jpg 1536w, https:\/\/lanaturedefelia.fr\/wp-content\/uploads\/2023\/04\/20230402_081621447_iOS-scaled.jpg 1920w\" sizes=\"auto, (max-width: 768px) 100vw, 768px\" \/><\/figure>\n\n\n\n<figure class=\"wp-block-image size-large\"><img loading=\"lazy\" decoding=\"async\" width=\"1024\" height=\"768\" data-id=\"771\" src=\"https:\/\/lanaturedefelia.fr\/wp-content\/uploads\/2023\/04\/20230402_081610005_iOS-1024x768.jpg\" alt=\"\" class=\"wp-image-771\" srcset=\"https:\/\/lanaturedefelia.fr\/wp-content\/uploads\/2023\/04\/20230402_081610005_iOS-1024x768.jpg 1024w, https:\/\/lanaturedefelia.fr\/wp-content\/uploads\/2023\/04\/20230402_081610005_iOS-300x225.jpg 300w, https:\/\/lanaturedefelia.fr\/wp-content\/uploads\/2023\/04\/20230402_081610005_iOS-768x576.jpg 768w, https:\/\/lanaturedefelia.fr\/wp-content\/uploads\/2023\/04\/20230402_081610005_iOS-1536x1152.jpg 1536w, https:\/\/lanaturedefelia.fr\/wp-content\/uploads\/2023\/04\/20230402_081610005_iOS-2048x1536.jpg 2048w\" sizes=\"auto, (max-width: 1024px) 100vw, 1024px\" \/><\/figure>\n<\/figure>\n\n\n\n<h2 class=\"wp-block-heading\">March\u00e9 julienne <\/h2>\n\n\n\n<h2 class=\"wp-block-heading\"> <\/h2>\n\n\n\n<figure class=\"wp-block-gallery has-nested-images columns-default is-cropped wp-block-gallery-2 is-layout-flex wp-block-gallery-is-layout-flex\">\n<figure class=\"wp-block-image size-large\"><img loading=\"lazy\" decoding=\"async\" width=\"1024\" height=\"768\" data-id=\"934\" src=\"https:\/\/lanaturedefelia.fr\/wp-content\/uploads\/2023\/07\/20230701_170432025_iOS-1024x768.jpg\" alt=\"\" class=\"wp-image-934\" srcset=\"https:\/\/lanaturedefelia.fr\/wp-content\/uploads\/2023\/07\/20230701_170432025_iOS-1024x768.jpg 1024w, https:\/\/lanaturedefelia.fr\/wp-content\/uploads\/2023\/07\/20230701_170432025_iOS-300x225.jpg 300w, https:\/\/lanaturedefelia.fr\/wp-content\/uploads\/2023\/07\/20230701_170432025_iOS-768x576.jpg 768w, https:\/\/lanaturedefelia.fr\/wp-content\/uploads\/2023\/07\/20230701_170432025_iOS-1536x1152.jpg 1536w, https:\/\/lanaturedefelia.fr\/wp-content\/uploads\/2023\/07\/20230701_170432025_iOS-2048x1536.jpg 2048w\" sizes=\"auto, (max-width: 1024px) 100vw, 1024px\" \/><\/figure>\n\n\n\n<figure class=\"wp-block-image size-large\"><img loading=\"lazy\" decoding=\"async\" width=\"1024\" height=\"768\" data-id=\"936\" src=\"https:\/\/lanaturedefelia.fr\/wp-content\/uploads\/2023\/07\/20230701_170459829_iOS-1024x768.jpg\" alt=\"\" class=\"wp-image-936\" srcset=\"https:\/\/lanaturedefelia.fr\/wp-content\/uploads\/2023\/07\/20230701_170459829_iOS-1024x768.jpg 1024w, https:\/\/lanaturedefelia.fr\/wp-content\/uploads\/2023\/07\/20230701_170459829_iOS-300x225.jpg 300w, https:\/\/lanaturedefelia.fr\/wp-content\/uploads\/2023\/07\/20230701_170459829_iOS-768x576.jpg 768w, https:\/\/lanaturedefelia.fr\/wp-content\/uploads\/2023\/07\/20230701_170459829_iOS-1536x1152.jpg 1536w, https:\/\/lanaturedefelia.fr\/wp-content\/uploads\/2023\/07\/20230701_170459829_iOS-2048x1536.jpg 2048w\" sizes=\"auto, (max-width: 1024px) 100vw, 1024px\" \/><\/figure>\n\n\n\n<figure class=\"wp-block-image size-large\"><img loading=\"lazy\" decoding=\"async\" width=\"1024\" height=\"768\" data-id=\"937\" src=\"https:\/\/lanaturedefelia.fr\/wp-content\/uploads\/2023\/07\/20230701_170512438_iOS-1024x768.jpg\" alt=\"\" class=\"wp-image-937\" srcset=\"https:\/\/lanaturedefelia.fr\/wp-content\/uploads\/2023\/07\/20230701_170512438_iOS-1024x768.jpg 1024w, https:\/\/lanaturedefelia.fr\/wp-content\/uploads\/2023\/07\/20230701_170512438_iOS-300x225.jpg 300w, https:\/\/lanaturedefelia.fr\/wp-content\/uploads\/2023\/07\/20230701_170512438_iOS-768x576.jpg 768w, https:\/\/lanaturedefelia.fr\/wp-content\/uploads\/2023\/07\/20230701_170512438_iOS-1536x1152.jpg 1536w, https:\/\/lanaturedefelia.fr\/wp-content\/uploads\/2023\/07\/20230701_170512438_iOS-2048x1536.jpg 2048w\" sizes=\"auto, (max-width: 1024px) 100vw, 1024px\" \/><\/figure>\n\n\n\n<figure class=\"wp-block-image size-large\"><img loading=\"lazy\" decoding=\"async\" width=\"1024\" height=\"768\" data-id=\"935\" src=\"https:\/\/lanaturedefelia.fr\/wp-content\/uploads\/2023\/07\/20230701_170514140_iOS-1024x768.jpg\" alt=\"\" class=\"wp-image-935\" srcset=\"https:\/\/lanaturedefelia.fr\/wp-content\/uploads\/2023\/07\/20230701_170514140_iOS-1024x768.jpg 1024w, https:\/\/lanaturedefelia.fr\/wp-content\/uploads\/2023\/07\/20230701_170514140_iOS-300x225.jpg 300w, https:\/\/lanaturedefelia.fr\/wp-content\/uploads\/2023\/07\/20230701_170514140_iOS-768x576.jpg 768w, https:\/\/lanaturedefelia.fr\/wp-content\/uploads\/2023\/07\/20230701_170514140_iOS-1536x1152.jpg 1536w, https:\/\/lanaturedefelia.fr\/wp-content\/uploads\/2023\/07\/20230701_170514140_iOS-2048x1536.jpg 2048w\" sizes=\"auto, (max-width: 1024px) 100vw, 1024px\" \/><\/figure>\n\n\n\n<figure class=\"wp-block-image size-large\"><img loading=\"lazy\" decoding=\"async\" width=\"1024\" height=\"768\" data-id=\"939\" src=\"https:\/\/lanaturedefelia.fr\/wp-content\/uploads\/2023\/07\/20230701_170556428_iOS-1024x768.jpg\" alt=\"\" class=\"wp-image-939\" srcset=\"https:\/\/lanaturedefelia.fr\/wp-content\/uploads\/2023\/07\/20230701_170556428_iOS-1024x768.jpg 1024w, https:\/\/lanaturedefelia.fr\/wp-content\/uploads\/2023\/07\/20230701_170556428_iOS-300x225.jpg 300w, https:\/\/lanaturedefelia.fr\/wp-content\/uploads\/2023\/07\/20230701_170556428_iOS-768x576.jpg 768w, https:\/\/lanaturedefelia.fr\/wp-content\/uploads\/2023\/07\/20230701_170556428_iOS-1536x1152.jpg 1536w, https:\/\/lanaturedefelia.fr\/wp-content\/uploads\/2023\/07\/20230701_170556428_iOS-2048x1536.jpg 2048w\" sizes=\"auto, (max-width: 1024px) 100vw, 1024px\" \/><\/figure>\n\n\n\n<figure class=\"wp-block-image size-large\"><img loading=\"lazy\" decoding=\"async\" width=\"1024\" height=\"768\" data-id=\"938\" src=\"https:\/\/lanaturedefelia.fr\/wp-content\/uploads\/2023\/07\/20230701_170607329_iOS-1024x768.jpg\" alt=\"\" class=\"wp-image-938\" srcset=\"https:\/\/lanaturedefelia.fr\/wp-content\/uploads\/2023\/07\/20230701_170607329_iOS-1024x768.jpg 1024w, https:\/\/lanaturedefelia.fr\/wp-content\/uploads\/2023\/07\/20230701_170607329_iOS-300x225.jpg 300w, https:\/\/lanaturedefelia.fr\/wp-content\/uploads\/2023\/07\/20230701_170607329_iOS-768x576.jpg 768w, https:\/\/lanaturedefelia.fr\/wp-content\/uploads\/2023\/07\/20230701_170607329_iOS-1536x1152.jpg 1536w, https:\/\/lanaturedefelia.fr\/wp-content\/uploads\/2023\/07\/20230701_170607329_iOS-2048x1536.jpg 2048w\" sizes=\"auto, (max-width: 1024px) 100vw, 1024px\" \/><\/figure>\n<\/figure>\n","protected":false},"excerpt":{"rendered":"<p>Exposition-vernissage March\u00e9 de no\u00ebl 2 March\u00e9 Printemps March\u00e9 julienne<\/p>\n","protected":false},"author":1,"featured_media":0,"parent":20,"menu_order":5,"comment_status":"closed","ping_status":"closed","template":"","meta":{"om_disable_all_campaigns":false,"_monsterinsights_skip_tracking":false,"_monsterinsights_sitenote_active":false,"_monsterinsights_sitenote_note":"","_monsterinsights_sitenote_category":0,"footnotes":""},"class_list":["post-391","page","type-page","status-publish","hentry"],"aioseo_notices":[],"_links":{"self":[{"href":"https:\/\/lanaturedefelia.fr\/index.php?rest_route=\/wp\/v2\/pages\/391","targetHints":{"allow":["GET"]}}],"collection":[{"href":"https:\/\/lanaturedefelia.fr\/index.php?rest_route=\/wp\/v2\/pages"}],"about":[{"href":"https:\/\/lanaturedefelia.fr\/index.php?rest_route=\/wp\/v2\/types\/page"}],"author":[{"embeddable":true,"href":"https:\/\/lanaturedefelia.fr\/index.php?rest_route=\/wp\/v2\/users\/1"}],"replies":[{"embeddable":true,"href":"https:\/\/lanaturedefelia.fr\/index.php?rest_route=%2Fwp%2Fv2%2Fcomments&post=391"}],"version-history":[{"count":4,"href":"https:\/\/lanaturedefelia.fr\/index.php?rest_route=\/wp\/v2\/pages\/391\/revisions"}],"predecessor-version":[{"id":940,"href":"https:\/\/lanaturedefelia.fr\/index.php?rest_route=\/wp\/v2\/pages\/391\/revisions\/940"}],"up":[{"embeddable":true,"href":"https:\/\/lanaturedefelia.fr\/index.php?rest_route=\/wp\/v2\/pages\/20"}],"wp:attachment":[{"href":"https:\/\/lanaturedefelia.fr\/index.php?rest_route=%2Fwp%2Fv2%2Fmedia&parent=391"}],"curies":[{"name":"wp","href":"https:\/\/api.w.org\/{rel}","templated":true}]}}