{"id":415,"date":"2022-12-23T15:11:30","date_gmt":"2022-12-23T14:11:30","guid":{"rendered":"https:\/\/lanaturedefelia.fr\/?page_id=415"},"modified":"2025-10-31T11:07:06","modified_gmt":"2025-10-31T10:07:06","slug":"creation-collective","status":"publish","type":"page","link":"https:\/\/lanaturedefelia.fr\/?page_id=415","title":{"rendered":"\u00a0Atelier Couronne de Roses &#8211; Incarnez votre Souverainet\u00e9"},"content":{"rendered":"\n<div class=\"wp-block-columns is-layout-flex wp-container-core-columns-is-layout-9d6595d7 wp-block-columns-is-layout-flex\">\n<div class=\"wp-block-column is-layout-flow wp-block-column-is-layout-flow\" style=\"flex-basis:66.66%\">\n<p><strong>Tissez votre propre couronne et couronnez votre essence divine.<\/strong><\/p>\n\n\n\n<p>Lors d&rsquo;un atelier alliant cr\u00e9ation manuelle et \u00e9veil spirituel, venez fa\u00e7onner une couronne de roses en papier, un diad\u00e8me unique symbolisant votre pouvoir int\u00e9rieur et votre beaut\u00e9 naturelle.<\/p>\n\n\n\n<p><strong>Au programme de cet atelier :<\/strong><\/p>\n\n\n\n<ul class=\"wp-block-list\">\n<li><strong>L&rsquo;Art de la Rose en Papier :<\/strong>\u00a0Apprenez les techniques pour transformer de vieux intercalaires recycl\u00e9s en d\u00e9licates et \u00e9l\u00e9gantes roses. Chaque p\u00e9tale model\u00e9 est une invitation \u00e0 la patience et \u00e0 la pr\u00e9cision.<\/li>\n\n\n\n<li><strong>La Confection de la Couronne :<\/strong>\u00a0Assemblez vos roses pour former une couronne compl\u00e8te, un cercle sacr\u00e9 repr\u00e9sentant l&rsquo;unit\u00e9, la pl\u00e9nitude et le cycle de la renaissance.<\/li>\n\n\n\n<li><strong>La Beaut\u00e9 du Recycl\u00e9 :<\/strong>\u00a0Donnez une seconde vie, noble et po\u00e9tique, \u00e0 des intercalaires usag\u00e9s. Cet acte symbolique nous rappelle que notre propre essence peut se r\u00e9inventer et s&rsquo;\u00e9panouir avec gr\u00e2ce.<\/li>\n<\/ul>\n\n\n\n<p><strong>Plus qu&rsquo;un atelier cr\u00e9atif, une c\u00e9r\u00e9monie de reconnexion :<\/strong><\/p>\n\n\n\n<p>Tout au long de la cr\u00e9ation, nous mettrons une intention particuli\u00e8re sur l&rsquo;activation et l&rsquo;harmonisation de votre&nbsp;<strong>chakra Couronne (Sahasrara)<\/strong>. Ce centre d&rsquo;\u00e9nergie, situ\u00e9 au sommet du cr\u00e2ne, est notre porte d&rsquo;entr\u00e9e vers la conscience sup\u00e9rieure et l&rsquo;\u00e9tincelle divine en nous. Cet atelier est une invitation \u00e0 vous reconnecter \u00e0 cette \u00e9nergie pour accueillir et incarner pleinement votre&nbsp;<strong>souverainet\u00e9<\/strong>&nbsp;\u2013 votre capacit\u00e9 \u00e0 \u00eatre l&rsquo;architecte conscient et bienveillant de votre propre vie.<\/p>\n\n\n\n<p><strong>Un rendez-vous pour honorer votre essence :<\/strong><br>Ce moment est con\u00e7u pour les adultes d\u00e9sireux d&rsquo;allier cr\u00e9ativit\u00e9 et cheminement int\u00e9rieur. Repartez non seulement avec une couronne unique, mais aussi avec un sentiment renouvel\u00e9 de clart\u00e9, de paix et de connexion \u00e0 votre v\u00e9ritable nature.<\/p>\n\n\n\n<p>Venez vous offrir ce moment de gr\u00e2ce et de recentrage, et repartez couronn\u00e9e de votre propre lumi\u00e8re.<\/p>\n<\/div>\n\n\n\n<div class=\"wp-block-column is-layout-flow wp-block-column-is-layout-flow\" style=\"flex-basis:33.33%\">\n<figure class=\"wp-block-gallery has-nested-images columns-default is-cropped wp-block-gallery-1 is-layout-flex wp-block-gallery-is-layout-flex\">\n<figure class=\"wp-block-image size-large\"><img loading=\"lazy\" decoding=\"async\" width=\"779\" height=\"1024\" data-id=\"1407\" src=\"https:\/\/lanaturedefelia.fr\/wp-content\/uploads\/2025\/10\/20251031_092122168_iOS-779x1024.jpg\" alt=\"\" class=\"wp-image-1407\" srcset=\"https:\/\/lanaturedefelia.fr\/wp-content\/uploads\/2025\/10\/20251031_092122168_iOS-779x1024.jpg 779w, https:\/\/lanaturedefelia.fr\/wp-content\/uploads\/2025\/10\/20251031_092122168_iOS-228x300.jpg 228w, https:\/\/lanaturedefelia.fr\/wp-content\/uploads\/2025\/10\/20251031_092122168_iOS-768x1010.jpg 768w, https:\/\/lanaturedefelia.fr\/wp-content\/uploads\/2025\/10\/20251031_092122168_iOS-1168x1536.jpg 1168w, https:\/\/lanaturedefelia.fr\/wp-content\/uploads\/2025\/10\/20251031_092122168_iOS.jpg 1251w\" sizes=\"auto, (max-width: 779px) 100vw, 779px\" \/><\/figure>\n\n\n\n<figure class=\"wp-block-image size-large\"><img loading=\"lazy\" decoding=\"async\" width=\"785\" height=\"1024\" data-id=\"1408\" src=\"https:\/\/lanaturedefelia.fr\/wp-content\/uploads\/2025\/10\/20251031_092131267_iOS-785x1024.jpg\" alt=\"\" class=\"wp-image-1408\" srcset=\"https:\/\/lanaturedefelia.fr\/wp-content\/uploads\/2025\/10\/20251031_092131267_iOS-785x1024.jpg 785w, https:\/\/lanaturedefelia.fr\/wp-content\/uploads\/2025\/10\/20251031_092131267_iOS-230x300.jpg 230w, https:\/\/lanaturedefelia.fr\/wp-content\/uploads\/2025\/10\/20251031_092131267_iOS-768x1002.jpg 768w, https:\/\/lanaturedefelia.fr\/wp-content\/uploads\/2025\/10\/20251031_092131267_iOS-1177x1536.jpg 1177w, https:\/\/lanaturedefelia.fr\/wp-content\/uploads\/2025\/10\/20251031_092131267_iOS.jpg 1199w\" sizes=\"auto, (max-width: 785px) 100vw, 785px\" \/><\/figure>\n<\/figure>\n<\/div>\n<\/div>\n","protected":false},"excerpt":{"rendered":"<p>Tissez votre propre couronne et couronnez votre essence divine. Lors d&rsquo;un atelier alliant cr\u00e9ation manuelle et \u00e9veil spirituel, venez fa\u00e7onner une couronne de roses en papier, un diad\u00e8me unique symbolisant [&hellip;]<\/p>\n","protected":false},"author":1,"featured_media":0,"parent":403,"menu_order":2,"comment_status":"closed","ping_status":"closed","template":"","meta":{"om_disable_all_campaigns":false,"_monsterinsights_skip_tracking":false,"_monsterinsights_sitenote_active":false,"_monsterinsights_sitenote_note":"","_monsterinsights_sitenote_category":0,"footnotes":""},"class_list":["post-415","page","type-page","status-publish","hentry"],"aioseo_notices":[],"_links":{"self":[{"href":"https:\/\/lanaturedefelia.fr\/index.php?rest_route=\/wp\/v2\/pages\/415","targetHints":{"allow":["GET"]}}],"collection":[{"href":"https:\/\/lanaturedefelia.fr\/index.php?rest_route=\/wp\/v2\/pages"}],"about":[{"href":"https:\/\/lanaturedefelia.fr\/index.php?rest_route=\/wp\/v2\/types\/page"}],"author":[{"embeddable":true,"href":"https:\/\/lanaturedefelia.fr\/index.php?rest_route=\/wp\/v2\/users\/1"}],"replies":[{"embeddable":true,"href":"https:\/\/lanaturedefelia.fr\/index.php?rest_route=%2Fwp%2Fv2%2Fcomments&post=415"}],"version-history":[{"count":17,"href":"https:\/\/lanaturedefelia.fr\/index.php?rest_route=\/wp\/v2\/pages\/415\/revisions"}],"predecessor-version":[{"id":1409,"href":"https:\/\/lanaturedefelia.fr\/index.php?rest_route=\/wp\/v2\/pages\/415\/revisions\/1409"}],"up":[{"embeddable":true,"href":"https:\/\/lanaturedefelia.fr\/index.php?rest_route=\/wp\/v2\/pages\/403"}],"wp:attachment":[{"href":"https:\/\/lanaturedefelia.fr\/index.php?rest_route=%2Fwp%2Fv2%2Fmedia&parent=415"}],"curies":[{"name":"wp","href":"https:\/\/api.w.org\/{rel}","templated":true}]}}