{"id":434,"date":"2022-12-23T15:20:17","date_gmt":"2022-12-23T14:20:17","guid":{"rendered":"https:\/\/lanaturedefelia.fr\/?page_id=434"},"modified":"2025-10-31T12:00:02","modified_gmt":"2025-10-31T11:00:02","slug":"landart","status":"publish","type":"page","link":"https:\/\/lanaturedefelia.fr\/?page_id=434","title":{"rendered":"\u00a0Cercle de l&rsquo;\u00c2me &#8211; Une Exp\u00e9rience Sensorielle et Spirituelle"},"content":{"rendered":"\n<p><strong>Rejoignez notre cercle bienveillant pour un voyage unique \u00e0 la rencontre des plantes et de vous-m\u00eame.<\/strong><\/p>\n\n\n\n<p>Le Cercle de l&rsquo;\u00c2me est une invitation r\u00e9guli\u00e8re \u00e0 ralentir, \u00e0 se connecter profond\u00e9ment \u00e0 la nature et \u00e0 son propre \u00eatre. \u00c0 chaque rencontre, nous explorons un nouveau th\u00e8me \u00e0 travers une plante sp\u00e9cifique, comme le Lierre Terrestre, pour une exp\u00e9rience holistique et transformatrice.<\/p>\n\n\n\n<p><strong>Au programme d&rsquo;une soir\u00e9e type :<\/strong><\/p>\n\n\n\n<p>\ud83c\udf3f&nbsp;<strong>M\u00e9ditation Guid\u00e9e<\/strong>&nbsp;: Une immersion sensorielle pour se connecter \u00e0 l&rsquo;\u00e9nergie et \u00e0 l&rsquo;esprit de la plante du jour.<\/p>\n\n\n\n<p>\ud83c\udf3f&nbsp;<strong>Partage et \u00c9changes Intuitifs<\/strong>&nbsp;: Un moment de parole bienveillant pour exprimer les ressentis et les messages re\u00e7us.<\/p>\n\n\n\n<p>\ud83c\udf3f&nbsp;<strong>Cercle de Convivialit\u00e9<\/strong>&nbsp;: Un petit repas sp\u00e9cialement con\u00e7u autour de la plante, vous permettant d&rsquo;en d\u00e9couvrir les vertus par les sens et la saveur.<\/p>\n\n\n\n<p>\ud83c\udf3f&nbsp;<strong>Transmission et Emportez un Souvenir<\/strong>&nbsp;: La recette de la d\u00e9gustation vous est offerte pour reproduire cette exp\u00e9rience culinaire et m\u00e9dicinale chez vous.<\/p>\n\n\n\n<p><strong>Plus qu&rsquo;un atelier, une communaut\u00e9 qui grandit ensemble :<\/strong><br>Chaque Cercle de l&rsquo;\u00c2me est une occasion de :<\/p>\n\n\n\n<ul class=\"wp-block-list\">\n<li><strong>Approfondir votre lien \u00e0 la nature<\/strong>&nbsp;et \u00e0 la sagesse des plantes.<\/li>\n\n\n\n<li><strong>Rencontrer des \u00e2mes sur le m\u00eame chemin<\/strong>&nbsp;dans un espace de non-jugement.<\/li>\n\n\n\n<li><strong>Recevoir des outils concrets<\/strong>&nbsp;(m\u00e9ditation, recettes) pour int\u00e9grer ces d\u00e9couvertes dans votre quotidien.<\/li>\n<\/ul>\n\n\n\n<p><strong>Pour qui ?<\/strong><br>Que vous soyez novice ou d\u00e9j\u00e0 familier avec le monde des plantes et la m\u00e9ditation, ce cercle est ouvert \u00e0 tous les adultes en qu\u00eate de sens, de connexion authentique et de douceur.<\/p>\n\n\n\n<p><strong>Laissez-vous tenter par cette parenth\u00e8se enchant\u00e9e o\u00f9 le soin par les plantes rencontre la sororit\u00e9 et l&rsquo;introspection.<\/strong><\/p>\n\n\n\n<div class=\"wp-block-buttons is-layout-flex wp-block-buttons-is-layout-flex\">\n<div class=\"wp-block-button\"><a class=\"wp-block-button__link wp-element-button\" href=\"https:\/\/lanaturedefelia.fr\/?page_id=496\"> Me contacter <\/a><\/div>\n<\/div>\n\n\n\n<figure class=\"wp-block-embed is-type-video is-provider-youtube wp-block-embed-youtube wp-embed-aspect-16-9 wp-has-aspect-ratio\"><div class=\"wp-block-embed__wrapper\">\n<iframe loading=\"lazy\" title=\"Meditation Lierre terrestre\" width=\"640\" height=\"360\" src=\"https:\/\/www.youtube.com\/embed\/5LoNGjF8mkA?feature=oembed\" frameborder=\"0\" allow=\"accelerometer; autoplay; clipboard-write; encrypted-media; gyroscope; picture-in-picture; web-share\" referrerpolicy=\"strict-origin-when-cross-origin\" allowfullscreen><\/iframe>\n<\/div><\/figure>\n","protected":false},"excerpt":{"rendered":"<p>Rejoignez notre cercle bienveillant pour un voyage unique \u00e0 la rencontre des plantes et de vous-m\u00eame. Le Cercle de l&rsquo;\u00c2me est une invitation r\u00e9guli\u00e8re \u00e0 ralentir, \u00e0 se connecter profond\u00e9ment [&hellip;]<\/p>\n","protected":false},"author":1,"featured_media":0,"parent":18,"menu_order":2,"comment_status":"closed","ping_status":"closed","template":"","meta":{"om_disable_all_campaigns":false,"_monsterinsights_skip_tracking":false,"_monsterinsights_sitenote_active":false,"_monsterinsights_sitenote_note":"","_monsterinsights_sitenote_category":0,"footnotes":""},"class_list":["post-434","page","type-page","status-publish","hentry"],"aioseo_notices":[],"_links":{"self":[{"href":"https:\/\/lanaturedefelia.fr\/index.php?rest_route=\/wp\/v2\/pages\/434","targetHints":{"allow":["GET"]}}],"collection":[{"href":"https:\/\/lanaturedefelia.fr\/index.php?rest_route=\/wp\/v2\/pages"}],"about":[{"href":"https:\/\/lanaturedefelia.fr\/index.php?rest_route=\/wp\/v2\/types\/page"}],"author":[{"embeddable":true,"href":"https:\/\/lanaturedefelia.fr\/index.php?rest_route=\/wp\/v2\/users\/1"}],"replies":[{"embeddable":true,"href":"https:\/\/lanaturedefelia.fr\/index.php?rest_route=%2Fwp%2Fv2%2Fcomments&post=434"}],"version-history":[{"count":9,"href":"https:\/\/lanaturedefelia.fr\/index.php?rest_route=\/wp\/v2\/pages\/434\/revisions"}],"predecessor-version":[{"id":1420,"href":"https:\/\/lanaturedefelia.fr\/index.php?rest_route=\/wp\/v2\/pages\/434\/revisions\/1420"}],"up":[{"embeddable":true,"href":"https:\/\/lanaturedefelia.fr\/index.php?rest_route=\/wp\/v2\/pages\/18"}],"wp:attachment":[{"href":"https:\/\/lanaturedefelia.fr\/index.php?rest_route=%2Fwp%2Fv2%2Fmedia&parent=434"}],"curies":[{"name":"wp","href":"https:\/\/api.w.org\/{rel}","templated":true}]}}