{"id":496,"date":"2022-12-23T16:33:13","date_gmt":"2022-12-23T15:33:13","guid":{"rendered":"https:\/\/lanaturedefelia.fr\/?page_id=496"},"modified":"2025-07-23T10:48:26","modified_gmt":"2025-07-23T09:48:26","slug":"contact","status":"publish","type":"page","link":"https:\/\/lanaturedefelia.fr\/?page_id=496","title":{"rendered":"\u2709\ufe0f Contact"},"content":{"rendered":"\n<p>Je suis ouverte \u00e0 toutes belles aventures cr\u00e9atives.<\/p>\n\n\n\n<p>N\u2019h\u00e9sitez pas \u00e0 me joindre pour toute demande d\u2019information, rendez-vous, commande ou projet de cocr\u00e9ation.<\/p>\n\n\n\n<p>C\u2019est avec joie et attention que je vous r\u00e9pondrai rapidement !<\/p>\n\n\n\n<p>Pour d\u00e9couvrir \u00e9galement des cr\u00e9ations spirituelles et vibratoires uniques, n\u2019h\u00e9sitez pas \u00e0 visiter la boutique <strong>AGT<\/strong>, qui accompagne l\u2019\u00e2me et le corps \u00e0 travers une mode et des \u00e9lixirs th\u00e9rapeutiques.<\/p>\n\n\n<a class=\"wp-block-read-more\" href=\"https:\/\/lanaturedefelia.fr\/?page_id=496\" target=\"_self\"><a href=\"https:\/\/amazinggoldenturf.tpopsite.com\/shop\">La boutique | Amazing golden turf (tpopsite.com)<\/a><span class=\"screen-reader-text\">\u00a0: \u2709\ufe0f Contact<\/span><\/a>\n\n<div class=\"wp-block-image\">\n<figure class=\"alignleft size-large is-resized\"><img loading=\"lazy\" decoding=\"async\" src=\"https:\/\/lanaturedefelia.fr\/wp-content\/uploads\/2023\/05\/20230515_101230000_iOS-768x1024.jpg\" alt=\"\" class=\"wp-image-878\" width=\"212\" height=\"283\" srcset=\"https:\/\/lanaturedefelia.fr\/wp-content\/uploads\/2023\/05\/20230515_101230000_iOS-768x1024.jpg 768w, https:\/\/lanaturedefelia.fr\/wp-content\/uploads\/2023\/05\/20230515_101230000_iOS-225x300.jpg 225w, https:\/\/lanaturedefelia.fr\/wp-content\/uploads\/2023\/05\/20230515_101230000_iOS-1152x1536.jpg 1152w, https:\/\/lanaturedefelia.fr\/wp-content\/uploads\/2023\/05\/20230515_101230000_iOS.jpg 1200w\" sizes=\"auto, (max-width: 212px) 100vw, 212px\" \/><\/figure><\/div>\n\n\n<blockquote class=\"wp-block-quote is-layout-flow wp-block-quote-is-layout-flow\">\n<p>Aur\u00e8lie Boisseau Siret&nbsp;:880 274 360 00010 <\/p>\n<cite>Entreprise \u00ab\u00a0La Nature D&rsquo;Efelia\u00a0\u00bb Art du recyclage <br>155 rue de paris , 16000 Angoul\u00eame<br>Courriel: lanaturedefelia@gmail.com<\/cite><\/blockquote>\n\n\n<p><div class=\"forminator-ui forminator-custom-form forminator-custom-form-516 forminator-design--default  forminator_ajax\" data-forminator-render=\"0\" data-form=\"forminator-module-516\" data-uid=\"6a01c0a63b662\"><br\/><\/div><form\n\t\t\t\tid=\"forminator-module-516\"\n\t\t\t\tclass=\"forminator-ui forminator-custom-form forminator-custom-form-516 forminator-design--default  forminator_ajax\"\n\t\t\t\tmethod=\"post\"\n\t\t\t\tdata-forminator-render=\"0\"\n\t\t\t\tdata-form-id=\"516\"\n\t\t\t\t data-color-option=\"default\" data-design=\"default\" data-grid=\"open\" style=\"display: none;\"\n\t\t\t\tdata-uid=\"6a01c0a63b662\"\n\t\t\t><div role=\"alert\" aria-live=\"polite\" class=\"forminator-response-message forminator-error\" aria-hidden=\"true\"><\/div><div class=\"forminator-row\"><div id=\"name-1\" class=\"forminator-field-name forminator-col forminator-col-6 \"><div class=\"forminator-field\"><label for=\"forminator-field-name-1_6a01c0a63b662\" id=\"forminator-field-name-1_6a01c0a63b662-label\" class=\"forminator-label\">Pr\u00e9nom <span class=\"forminator-required\">*<\/span><\/label><input type=\"text\" name=\"name-1\" value=\"\" placeholder=\"Par exemple\u00a0: Jean\" id=\"forminator-field-name-1_6a01c0a63b662\" class=\"forminator-input forminator-name--field\" aria-required=\"true\" autocomplete=\"name\" \/><\/div><\/div><div id=\"name-2\" class=\"forminator-field-name forminator-col forminator-col-6 \"><div class=\"forminator-field\"><label for=\"forminator-field-name-2_6a01c0a63b662\" id=\"forminator-field-name-2_6a01c0a63b662-label\" class=\"forminator-label\">Nom <span class=\"forminator-required\">*<\/span><\/label><input type=\"text\" name=\"name-2\" value=\"\" placeholder=\"Par exemple\u00a0: Jacques Martin\" id=\"forminator-field-name-2_6a01c0a63b662\" class=\"forminator-input forminator-name--field\" aria-required=\"true\" autocomplete=\"name\" \/><\/div><\/div><\/div><div class=\"forminator-row\"><div id=\"email-1\" class=\"forminator-field-email forminator-col forminator-col-12 \"><div class=\"forminator-field\"><label for=\"forminator-field-email-1_6a01c0a63b662\" id=\"forminator-field-email-1_6a01c0a63b662-label\" class=\"forminator-label\">Adresse de messagerie <span class=\"forminator-required\">*<\/span><\/label><input type=\"email\" name=\"email-1\" value=\"\" placeholder=\"Par exemple\u00a0: jacques@martin.com\" id=\"forminator-field-email-1_6a01c0a63b662\" class=\"forminator-input forminator-email--field\" data-required=\"true\" aria-required=\"true\" autocomplete=\"email\" \/><\/div><\/div><\/div><div class=\"forminator-row\"><div id=\"phone-1\" class=\"forminator-field-phone forminator-col forminator-col-12 \"><div class=\"forminator-field\"><label for=\"forminator-field-phone-1_6a01c0a63b662\" id=\"forminator-field-phone-1_6a01c0a63b662-label\" class=\"forminator-label\">Num\u00e9ro de t\u00e9l\u00e9phone<\/label><input type=\"text\" name=\"phone-1\" value=\"\" placeholder=\"Par exemple\u00a0: 06 11 23 24 25\" id=\"forminator-field-phone-1_6a01c0a63b662\" class=\"forminator-input forminator-field--phone\" data-required=\"\" aria-required=\"false\" autocomplete=\"off\" \/><\/div><\/div><\/div><div class=\"forminator-row\"><div id=\"textarea-1\" class=\"forminator-field-textarea forminator-col forminator-col-12 \"><div class=\"forminator-field\"><label for=\"forminator-field-textarea-1_6a01c0a63b662\" id=\"forminator-field-textarea-1_6a01c0a63b662-label\" class=\"forminator-label\">Message<\/label><textarea name=\"textarea-1\" placeholder=\"Saisissez votre message\u2026\" id=\"forminator-field-textarea-1_6a01c0a63b662\" class=\"forminator-textarea\" rows=\"6\" style=\"--forminator-textarea-min-height:140px;\" maxlength=\"180\" ><\/textarea><span id=\"forminator-field-textarea-1_6a01c0a63b662-description\" class=\"forminator-description\"><span data-limit=\"180\" data-type=\"characters\" data-editor=\"\">0 \/ 180<\/span><\/span><\/div><\/div><\/div><input type=\"hidden\" name=\"referer_url\" value=\"\" \/><div class=\"forminator-row forminator-row-last\"><div class=\"forminator-col\"><div class=\"forminator-field\"><button class=\"forminator-button forminator-button-submit\">Envoyer le message<\/button><\/div><\/div><\/div><input type=\"hidden\" id=\"forminator_nonce\" name=\"forminator_nonce\" value=\"e9c88b2dd0\" \/><input type=\"hidden\" name=\"_wp_http_referer\" value=\"\/index.php?rest_route=%2Fwp%2Fv2%2Fpages%2F496\" \/><input type=\"hidden\" name=\"form_id\" value=\"516\"><input type=\"hidden\" name=\"page_id\" value=\"496\"><input type=\"hidden\" name=\"form_type\" value=\"default\"><input type=\"hidden\" name=\"current_url\" value=\"https:\/\/lanaturedefelia.fr\/?page_id=496\"><input type=\"hidden\" name=\"render_id\" value=\"0\"><input type=\"hidden\" name=\"action\" value=\"forminator_submit_form_custom-forms\"><\/form><\/p>\n","protected":false},"excerpt":{"rendered":"<p>Je suis ouverte \u00e0 toutes belles aventures cr\u00e9atives. N\u2019h\u00e9sitez pas \u00e0 me joindre pour toute demande d\u2019information, rendez-vous, commande ou projet de cocr\u00e9ation. C\u2019est avec joie et attention que je [&hellip;]<\/p>\n","protected":false},"author":1,"featured_media":0,"parent":0,"menu_order":0,"comment_status":"closed","ping_status":"closed","template":"","meta":{"om_disable_all_campaigns":false,"_monsterinsights_skip_tracking":false,"_monsterinsights_sitenote_active":false,"_monsterinsights_sitenote_note":"","_monsterinsights_sitenote_category":0,"footnotes":""},"class_list":["post-496","page","type-page","status-publish","hentry"],"aioseo_notices":[],"_links":{"self":[{"href":"https:\/\/lanaturedefelia.fr\/index.php?rest_route=\/wp\/v2\/pages\/496","targetHints":{"allow":["GET"]}}],"collection":[{"href":"https:\/\/lanaturedefelia.fr\/index.php?rest_route=\/wp\/v2\/pages"}],"about":[{"href":"https:\/\/lanaturedefelia.fr\/index.php?rest_route=\/wp\/v2\/types\/page"}],"author":[{"embeddable":true,"href":"https:\/\/lanaturedefelia.fr\/index.php?rest_route=\/wp\/v2\/users\/1"}],"replies":[{"embeddable":true,"href":"https:\/\/lanaturedefelia.fr\/index.php?rest_route=%2Fwp%2Fv2%2Fcomments&post=496"}],"version-history":[{"count":15,"href":"https:\/\/lanaturedefelia.fr\/index.php?rest_route=\/wp\/v2\/pages\/496\/revisions"}],"predecessor-version":[{"id":1346,"href":"https:\/\/lanaturedefelia.fr\/index.php?rest_route=\/wp\/v2\/pages\/496\/revisions\/1346"}],"wp:attachment":[{"href":"https:\/\/lanaturedefelia.fr\/index.php?rest_route=%2Fwp%2Fv2%2Fmedia&parent=496"}],"curies":[{"name":"wp","href":"https:\/\/api.w.org\/{rel}","templated":true}]}}