{"id":638,"date":"2023-02-11T17:53:35","date_gmt":"2023-02-11T16:53:35","guid":{"rendered":"https:\/\/lanaturedefelia.fr\/?page_id=638"},"modified":"2025-10-30T12:11:43","modified_gmt":"2025-10-30T11:11:43","slug":"creation-fleurs-en-papier","status":"publish","type":"page","link":"https:\/\/lanaturedefelia.fr\/?page_id=638","title":{"rendered":"\u00a0Atelier Cr\u00e9ation &#8211; L&rsquo;\u00c9toile de l&rsquo;\u00c2me en Origami 3D"},"content":{"rendered":"\n<div class=\"wp-block-columns is-layout-flex wp-container-core-columns-is-layout-9d6595d7 wp-block-columns-is-layout-flex\">\n<div class=\"wp-block-column is-layout-flow wp-block-column-is-layout-flow\" style=\"flex-basis:100%\">\n<div class=\"wp-block-group\"><div class=\"wp-block-group__inner-container is-layout-constrained wp-block-group-is-layout-constrained\">\n<div class=\"wp-block-columns is-layout-flex wp-container-core-columns-is-layout-9d6595d7 wp-block-columns-is-layout-flex\">\n<div class=\"wp-block-column is-layout-flow wp-block-column-is-layout-flow\">\n<div class=\"wp-block-columns is-layout-flex wp-container-core-columns-is-layout-9d6595d7 wp-block-columns-is-layout-flex\">\n<div class=\"wp-block-column is-layout-flow wp-block-column-is-layout-flow\" style=\"flex-basis:33.33%\">\n<p><strong>Plongez au c\u0153ur de votre \u00eatre et donnez forme \u00e0 votre lumi\u00e8re int\u00e9rieure.<\/strong><\/p>\n\n\n\n<p>Laissez derri\u00e8re vous l&rsquo;agitation du quotidien le temps d&rsquo;un atelier unique, alliant cr\u00e9ation manuelle et qu\u00eate de sens. Nous vous proposons de cr\u00e9er une \u00e9toile en 3D, un v\u00e9ritable talisman de papier, pour vous reconnecter \u00e0 votre essence la plus profonde.<\/p>\n<\/div>\n\n\n\n<div class=\"wp-block-column is-layout-flow wp-block-column-is-layout-flow\" style=\"flex-basis:66.66%\">\n<figure class=\"wp-block-gallery has-nested-images columns-default is-cropped wp-block-gallery-1 is-layout-flex wp-block-gallery-is-layout-flex\">\n<figure class=\"wp-block-image size-large\"><img loading=\"lazy\" decoding=\"async\" width=\"768\" height=\"1024\" data-id=\"1400\" src=\"https:\/\/lanaturedefelia.fr\/wp-content\/uploads\/2025\/10\/20250829_140009181_iOS-768x1024.jpg\" alt=\"\" class=\"wp-image-1400\" srcset=\"https:\/\/lanaturedefelia.fr\/wp-content\/uploads\/2025\/10\/20250829_140009181_iOS-768x1024.jpg 768w, https:\/\/lanaturedefelia.fr\/wp-content\/uploads\/2025\/10\/20250829_140009181_iOS-225x300.jpg 225w, https:\/\/lanaturedefelia.fr\/wp-content\/uploads\/2025\/10\/20250829_140009181_iOS-1152x1536.jpg 1152w, https:\/\/lanaturedefelia.fr\/wp-content\/uploads\/2025\/10\/20250829_140009181_iOS-1536x2048.jpg 1536w, https:\/\/lanaturedefelia.fr\/wp-content\/uploads\/2025\/10\/20250829_140009181_iOS-scaled.jpg 1920w\" sizes=\"auto, (max-width: 768px) 100vw, 768px\" \/><\/figure>\n\n\n\n<figure class=\"wp-block-image size-large\"><img loading=\"lazy\" decoding=\"async\" width=\"768\" height=\"1024\" data-id=\"1399\" src=\"https:\/\/lanaturedefelia.fr\/wp-content\/uploads\/2025\/10\/20250829_135840406_iOS-768x1024.jpg\" alt=\"\" class=\"wp-image-1399\" srcset=\"https:\/\/lanaturedefelia.fr\/wp-content\/uploads\/2025\/10\/20250829_135840406_iOS-768x1024.jpg 768w, https:\/\/lanaturedefelia.fr\/wp-content\/uploads\/2025\/10\/20250829_135840406_iOS-225x300.jpg 225w, https:\/\/lanaturedefelia.fr\/wp-content\/uploads\/2025\/10\/20250829_135840406_iOS-1152x1536.jpg 1152w, https:\/\/lanaturedefelia.fr\/wp-content\/uploads\/2025\/10\/20250829_135840406_iOS-1536x2048.jpg 1536w, https:\/\/lanaturedefelia.fr\/wp-content\/uploads\/2025\/10\/20250829_135840406_iOS-scaled.jpg 1920w\" sizes=\"auto, (max-width: 768px) 100vw, 768px\" \/><\/figure>\n<\/figure>\n<\/div>\n<\/div>\n<\/div>\n<\/div>\n<\/div><\/div>\n<\/div>\n<\/div>\n\n\n\n<p><strong>Au programme de cet atelier :<\/strong><\/p>\n\n\n\n<ul class=\"wp-block-list\">\n<li><strong>La Magie de la Cr\u00e9ation :<\/strong>&nbsp;Vous apprendrez une technique d&rsquo;origami 3D pour assembler 10 morceaux de papier et former une \u00e9toile \u00e0 deux faces, symbole d&rsquo;\u00e9quilibre et de dualit\u00e9.<\/li>\n\n\n\n<li><strong>Le Geste Ancestral :<\/strong>&nbsp;Une partie de l&rsquo;\u00e9toile sera assembl\u00e9e par une couture \u00e0 l&rsquo;aiguille et \u00e0 la laine, un geste lent et m\u00e9ditatif qui ancre l&rsquo;intention. L&rsquo;autre partie sera coll\u00e9e, symbolisant l&rsquo;union des \u00e9nergies.<\/li>\n\n\n\n<li><strong>La Beaut\u00e9 du Recycl\u00e9 :<\/strong>&nbsp;Votre \u00e9toile prendra vie \u00e0 partir de vieux intercalaires, leur donnant une nouvelle existence, pleine de po\u00e9sie et de sens. Chaque feuille apporte son histoire, comme les fragments de notre propre \u00e2me.<\/li>\n<\/ul>\n\n\n\n<p><strong>Plus qu&rsquo;un simple atelier manuel, une exp\u00e9rience introspective :<\/strong><\/p>\n\n\n\n<p>Tout au long du processus, nous mettrons une intention particuli\u00e8re sur la&nbsp;<strong>reconnexion avec votre chakra \u00c9toile de l&rsquo;\u00c2me<\/strong>. Ce centre d&rsquo;\u00e9nergie, situ\u00e9 au-dessus de la t\u00eate, est notre pont avec l&rsquo;univers et la sagesse divine. Nous explorerons ensemble, dans une ambiance bienveillante, ce qu&rsquo;est l&rsquo;\u00e2me et comment renforcer ce lien pr\u00e9cieux.<\/p>\n\n\n\n<p><strong>Un moment pour soi, accessible \u00e0 tous :<\/strong><br>Cet atelier est con\u00e7u pour les adultes en qu\u00eate de s\u00e9r\u00e9nit\u00e9 et de cr\u00e9ativit\u00e9. Les adolescents \u00e0 la recherche de sens et d&rsquo;une activit\u00e9 apaisante sont \u00e9galement les bienvenus.<\/p>\n\n\n\n<p>Rejoignez-nous pour une parenth\u00e8se enchant\u00e9e o\u00f9 pliage, couture et spiritualit\u00e9 ne font qu&rsquo;un. Repartez avec votre \u00c9toile de l&rsquo;\u00c2me, un objet unique charg\u00e9 de votre propre \u00e9nergie.<\/p>\n","protected":false},"excerpt":{"rendered":"<p>Plongez au c\u0153ur de votre \u00eatre et donnez forme \u00e0 votre lumi\u00e8re int\u00e9rieure. Laissez derri\u00e8re vous l&rsquo;agitation du quotidien le temps d&rsquo;un atelier unique, alliant cr\u00e9ation manuelle et qu\u00eate de [&hellip;]<\/p>\n","protected":false},"author":1,"featured_media":0,"parent":403,"menu_order":1,"comment_status":"closed","ping_status":"closed","template":"","meta":{"om_disable_all_campaigns":false,"_monsterinsights_skip_tracking":false,"_monsterinsights_sitenote_active":false,"_monsterinsights_sitenote_note":"","_monsterinsights_sitenote_category":0,"footnotes":""},"class_list":["post-638","page","type-page","status-publish","hentry"],"aioseo_notices":[],"_links":{"self":[{"href":"https:\/\/lanaturedefelia.fr\/index.php?rest_route=\/wp\/v2\/pages\/638","targetHints":{"allow":["GET"]}}],"collection":[{"href":"https:\/\/lanaturedefelia.fr\/index.php?rest_route=\/wp\/v2\/pages"}],"about":[{"href":"https:\/\/lanaturedefelia.fr\/index.php?rest_route=\/wp\/v2\/types\/page"}],"author":[{"embeddable":true,"href":"https:\/\/lanaturedefelia.fr\/index.php?rest_route=\/wp\/v2\/users\/1"}],"replies":[{"embeddable":true,"href":"https:\/\/lanaturedefelia.fr\/index.php?rest_route=%2Fwp%2Fv2%2Fcomments&post=638"}],"version-history":[{"count":15,"href":"https:\/\/lanaturedefelia.fr\/index.php?rest_route=\/wp\/v2\/pages\/638\/revisions"}],"predecessor-version":[{"id":1404,"href":"https:\/\/lanaturedefelia.fr\/index.php?rest_route=\/wp\/v2\/pages\/638\/revisions\/1404"}],"up":[{"embeddable":true,"href":"https:\/\/lanaturedefelia.fr\/index.php?rest_route=\/wp\/v2\/pages\/403"}],"wp:attachment":[{"href":"https:\/\/lanaturedefelia.fr\/index.php?rest_route=%2Fwp%2Fv2%2Fmedia&parent=638"}],"curies":[{"name":"wp","href":"https:\/\/api.w.org\/{rel}","templated":true}]}}