{"id":648,"date":"2023-02-18T20:06:28","date_gmt":"2023-02-18T19:06:28","guid":{"rendered":"https:\/\/lanaturedefelia.fr\/?page_id=648"},"modified":"2025-01-30T18:19:34","modified_gmt":"2025-01-30T17:19:34","slug":"autodidacte","status":"publish","type":"page","link":"https:\/\/lanaturedefelia.fr\/?page_id=648","title":{"rendered":"Parcours d&rsquo;Artiste Plasticienne"},"content":{"rendered":"\n<h2 class=\"wp-block-heading\"><strong>FORMATIONS<\/strong><\/h2>\n\n\n\n<p><strong><mark style=\"background-color:rgba(0, 0, 0, 0)\" class=\"has-inline-color has-vivid-cyan-blue-color\">2024<\/mark><\/strong>     Cr\u00e9ation de mon statue Artisane Eco responsable       <\/p>\n\n\n\n<p><strong><mark style=\"background-color:rgba(0, 0, 0, 0)\" class=\"has-inline-color has-vivid-cyan-blue-color\">2023<\/mark>&#8211;<\/strong><mark style=\"background-color:rgba(0, 0, 0, 0)\" class=\"has-inline-color has-vivid-cyan-blue-color\"><strong>2024<\/strong> <\/mark>Membre Consortium Coop\u00e9rative \u00a0\u00bb des artistes et m\u00e9tiers culturel<strong>\u00ab\u00a0<\/strong><\/p>\n\n\n\n<p><strong><mark style=\"background-color:rgba(0, 0, 0, 0)\" class=\"has-inline-color has-vivid-cyan-blue-color\">2022-2023<\/mark>&nbsp;&nbsp;<\/strong> Cr\u00e9ation de mon statue Artiste-Auteur<\/p>\n\n\n\n<p><strong><mark style=\"background-color:rgba(0, 0, 0, 0)\" class=\"has-inline-color has-vivid-cyan-blue-color\">2020-2022&nbsp;<\/mark>&nbsp;<\/strong> Cr\u00e9ation de mon entreprise \u00a0\u00bb&nbsp;l\u2019Art de Gai Rire\u00a0\u00bb<\/p>\n\n\n\n<p><strong><mark style=\"background-color:rgba(0, 0, 0, 0)\" class=\"has-inline-color has-vivid-cyan-blue-color\">2016-2019<\/mark>&nbsp;&nbsp;&nbsp;<\/strong> Formation d\u2019art th\u00e9rapeute \u00e9volutif <em>\u00e9cole pl\u00e9nitude<\/em><\/p>\n\n\n\n<h2 class=\"wp-block-heading\"><strong>EXPERIENCES ARTISTIQUE<\/strong><\/h2>\n\n\n\n<p><strong><mark style=\"background-color:rgba(0, 0, 0, 0)\" class=\"has-inline-color has-vivid-cyan-blue-color\">01\/12\/21 au 31\/12\/21<\/mark><br><\/strong>Exposition \u00e0 la galerie des 16Art \u00e0 Angoul\u00eame<\/p>\n\n\n\n<p><strong><mark style=\"background-color:rgba(0, 0, 0, 0)\" class=\"has-inline-color has-vivid-cyan-blue-color\">Une semaine octobre 2017&nbsp;<\/mark><br><\/strong>Exposition dans un cabinet d\u2019un groupe de soignants<\/p>\n\n\n\n<p><strong><mark style=\"background-color:rgba(0, 0, 0, 0)\" class=\"has-inline-color has-vivid-cyan-blue-color\">2018-2017<\/mark><br><\/strong>Exposition dans un salon de coiffure de Carine Trille sur Libourne<\/p>\n\n\n\n<p><strong><mark style=\"background-color:rgba(0, 0, 0, 0)\" class=\"has-inline-color has-vivid-cyan-blue-color\">En 2014<\/mark><br><\/strong>D\u00e9couverte de ma propre technique de cr\u00e9ation<\/p>\n\n\n\n<p><strong><mark style=\"background-color:rgba(0, 0, 0, 0)\" class=\"has-inline-color has-vivid-cyan-blue-color\">2010 -2019<\/mark><br><\/strong>Diff\u00e9rentes exp\u00e9riences en tant qu\u2019animatrice p\u00e9riscolaire, en centre de loisirs<\/p>\n\n\n\n<p><strong><mark style=\"background-color:rgba(0, 0, 0, 0)\" class=\"has-inline-color has-vivid-cyan-blue-color\">2006-2002<\/mark><br><\/strong>D\u00e9couverte de l&rsquo;art postal par ma prof d&rsquo;art plastique au lyc\u00e9e<\/p>\n\n\n\n<p><strong><mark style=\"background-color:rgba(0, 0, 0, 0)\" class=\"has-inline-color has-vivid-cyan-blue-color\">En 1998-2001<\/mark><br><\/strong>Inscrite \u00e0 l\u2019\u00e9cole d\u2019art plastique de Libourne .(Appris \u00e0 dessiner des visages et des b\u00e2timents)<\/p>\n\n\n\n<p><strong><mark style=\"background-color:rgba(0, 0, 0, 0)\" class=\"has-inline-color has-vivid-cyan-blue-color\">En 1994-1995<\/mark><br><\/strong>Atelier de peinture \u00e0 Abzac ( Appris \u00e0 reproduire des peintures)<\/p>\n","protected":false},"excerpt":{"rendered":"<p>FORMATIONS 2024 Cr\u00e9ation de mon statue Artisane Eco responsable 2023&#8211;2024 Membre Consortium Coop\u00e9rative \u00a0\u00bb des artistes et m\u00e9tiers culturel\u00ab\u00a0 2022-2023&nbsp;&nbsp; Cr\u00e9ation de mon statue Artiste-Auteur 2020-2022&nbsp;&nbsp; Cr\u00e9ation de mon entreprise [&hellip;]<\/p>\n","protected":false},"author":1,"featured_media":0,"parent":13,"menu_order":2,"comment_status":"closed","ping_status":"closed","template":"","meta":{"om_disable_all_campaigns":false,"_monsterinsights_skip_tracking":false,"_monsterinsights_sitenote_active":false,"_monsterinsights_sitenote_note":"","_monsterinsights_sitenote_category":0,"footnotes":""},"class_list":["post-648","page","type-page","status-publish","hentry"],"aioseo_notices":[],"_links":{"self":[{"href":"https:\/\/lanaturedefelia.fr\/index.php?rest_route=\/wp\/v2\/pages\/648","targetHints":{"allow":["GET"]}}],"collection":[{"href":"https:\/\/lanaturedefelia.fr\/index.php?rest_route=\/wp\/v2\/pages"}],"about":[{"href":"https:\/\/lanaturedefelia.fr\/index.php?rest_route=\/wp\/v2\/types\/page"}],"author":[{"embeddable":true,"href":"https:\/\/lanaturedefelia.fr\/index.php?rest_route=\/wp\/v2\/users\/1"}],"replies":[{"embeddable":true,"href":"https:\/\/lanaturedefelia.fr\/index.php?rest_route=%2Fwp%2Fv2%2Fcomments&post=648"}],"version-history":[{"count":16,"href":"https:\/\/lanaturedefelia.fr\/index.php?rest_route=\/wp\/v2\/pages\/648\/revisions"}],"predecessor-version":[{"id":1121,"href":"https:\/\/lanaturedefelia.fr\/index.php?rest_route=\/wp\/v2\/pages\/648\/revisions\/1121"}],"up":[{"embeddable":true,"href":"https:\/\/lanaturedefelia.fr\/index.php?rest_route=\/wp\/v2\/pages\/13"}],"wp:attachment":[{"href":"https:\/\/lanaturedefelia.fr\/index.php?rest_route=%2Fwp%2Fv2%2Fmedia&parent=648"}],"curies":[{"name":"wp","href":"https:\/\/api.w.org\/{rel}","templated":true}]}}